{"id":1459,"date":"2024-07-22T16:26:23","date_gmt":"2024-07-22T16:26:23","guid":{"rendered":"https:\/\/cci-rumonge.com\/?page_id=1459"},"modified":"2024-07-23T09:27:17","modified_gmt":"2024-07-23T09:27:17","slug":"contact-page","status":"publish","type":"page","link":"https:\/\/cci-rumonge.com\/?page_id=1459","title":{"rendered":"Contact Page"},"content":{"rendered":"<div class=\"fusion-fullwidth fullwidth-box fusion-builder-row-1 fusion-flex-container has-pattern-background has-mask-background fusion-parallax-none nonhundred-percent-fullwidth non-hundred-percent-height-scrolling lazyload\" style=\"--awb-border-radius-top-left:0px;--awb-border-radius-top-right:0px;--awb-border-radius-bottom-right:0px;--awb-border-radius-bottom-left:0px;--awb-margin-top:200px;--awb-background-size:cover;--awb-flex-wrap:wrap;\" data-bg=\"https:\/\/cci-rumonge.com\/wp-content\/uploads\/2024\/07\/DSC0121-scaled.jpg\" ><div class=\"fusion-builder-row fusion-row fusion-flex-align-items-flex-start fusion-flex-content-wrap\" style=\"max-width:1216.8px;margin-left: calc(-4% \/ 2 );margin-right: calc(-4% \/ 2 );\"><div class=\"fusion-layout-column fusion_builder_column fusion-builder-column-0 fusion_builder_column_1_1 1_1 fusion-flex-column\" style=\"--awb-bg-size:cover;--awb-width-large:100%;--awb-margin-top-large:0px;--awb-spacing-right-large:1.92%;--awb-margin-bottom-large:20px;--awb-spacing-left-large:1.92%;--awb-width-medium:100%;--awb-order-medium:0;--awb-spacing-right-medium:1.92%;--awb-spacing-left-medium:1.92%;--awb-width-small:100%;--awb-order-small:0;--awb-spacing-right-small:1.92%;--awb-spacing-left-small:1.92%;\" data-scroll-devices=\"small-visibility,medium-visibility,large-visibility\"><div class=\"fusion-column-wrapper lazyload fusion-column-has-shadow fusion-flex-justify-content-flex-start fusion-content-layout-column fusion-column-has-bg-image\" data-bg-url=\"https:\/\/cci-rumonge.com\/wp-content\/uploads\/2024\/07\/DSC0121-scaled.jpg\" data-bg=\"https:\/\/cci-rumonge.com\/wp-content\/uploads\/2024\/07\/DSC0121-scaled.jpg\"><div class=\"fusion-form fusion-form-builder fusion-form-form-wrapper fusion-form-1450 has-icon-alignment\" style=\"--awb-tooltip-text-color:#ffffff;--awb-tooltip-background-color:#343851;--awb-field-margin-top:0px;--awb-field-margin-bottom:0px;--awb-form-input-height:56px;--awb-form-bg-color:#ffffff;--awb-form-placeholder-color:rgba(82,95,128,0.8);--awb-form-text-color:#525f7f;--awb-form-label-color:#525f7f;--awb-form-border-width-top:0px;--awb-form-border-width-bottom:0px;--awb-form-border-width-right:0px;--awb-form-border-width-left:0px;--awb-form-border-color:rgba(255,255,255,0);--awb-form-focus-border-color:rgba(255,255,255,0);--awb-form-focus-border-hover-color:rgba(255,255,255,0.5);--awb-form-border-radius:2px;--awb-icon-alignment-top:0px;--awb-icon-alignment-bottom:0px;--awb-icon-alignment-font-size:1em;\" data-form-id=\"1450\" data-config=\"{&quot;form_id&quot;:&quot;1450&quot;,&quot;form_post_id&quot;:&quot;1450&quot;,&quot;post_id&quot;:1459,&quot;form_type&quot;:&quot;ajax&quot;,&quot;confirmation_type&quot;:&quot;message&quot;,&quot;redirect_url&quot;:&quot;&quot;,&quot;redirect_timeout&quot;:&quot;0&quot;,&quot;field_labels&quot;:{&quot;email_label&quot;:&quot;&quot;,&quot;name_label&quot;:&quot;&quot;,&quot;last_name_label&quot;:&quot;&quot;,&quot;sujet&quot;:&quot;Sujet&quot;,&quot;message_label&quot;:&quot;&quot;},&quot;field_logics&quot;:{&quot;email_label&quot;:&quot;&quot;,&quot;name_label&quot;:&quot;&quot;,&quot;last_name_label&quot;:&quot;&quot;,&quot;sujet&quot;:&quot;&quot;,&quot;message_label&quot;:&quot;&quot;,&quot;submit_1&quot;:&quot;&quot;,&quot;notice_1&quot;:&quot;&quot;},&quot;field_types&quot;:{&quot;email_label&quot;:&quot;email&quot;,&quot;name_label&quot;:&quot;text&quot;,&quot;last_name_label&quot;:&quot;text&quot;,&quot;sujet&quot;:&quot;textarea&quot;,&quot;message_label&quot;:&quot;textarea&quot;,&quot;submit_1&quot;:&quot;submit&quot;,&quot;notice_1&quot;:&quot;notice&quot;},&quot;nonce_method&quot;:&quot;ajax&quot;,&quot;form_views&quot;:&quot;ajax&quot;,&quot;form_views_counting&quot;:&quot;all&quot;}\"><form action=\"https:\/\/cci-rumonge.com\/?page_id=1459\" method=\"post\" class=\"fusion-form fusion-form-1450\"><div class=\"fusion-fullwidth fullwidth-box fusion-builder-row-1-1 fusion-flex-container has-pattern-background has-mask-background fusion-parallax-none nonhundred-percent-fullwidth non-hundred-percent-height-scrolling lazyload\" style=\"--link_hover_color: #89c477;--awb-border-sizes-top:0px;--awb-border-sizes-bottom:0px;--awb-border-sizes-left:0px;--awb-border-sizes-right:0px;--awb-border-color:var(--awb-color4);--awb-border-radius-top-left:0px;--awb-border-radius-top-right:0px;--awb-border-radius-bottom-right:0px;--awb-border-radius-bottom-left:0px;--awb-padding-top:10px;--awb-padding-right:10px;--awb-padding-bottom:10px;--awb-padding-left:10px;--awb-margin-top:0px;--awb-margin-bottom:0px;--awb-background-color:#ebf1fc;--awb-background-size:cover;--awb-flex-wrap:wrap;\" data-bg=\"https:\/\/cci-rumonge.com\/wp-content\/uploads\/2024\/07\/DSC0121-scaled.jpg\" ><div class=\"fusion-builder-row fusion-row fusion-flex-align-items-flex-start fusion-flex-content-wrap\" style=\"width:104% !important;max-width:104% !important;margin-left: calc(-4% \/ 2 );margin-right: calc(-4% \/ 2 );\"><div class=\"fusion-layout-column fusion_builder_column fusion-builder-column-1 fusion_builder_column_1_1 1_1 fusion-flex-column\" style=\"--awb-padding-top:12px;--awb-padding-right:16px;--awb-padding-bottom:6px;--awb-padding-left:16px;--awb-overflow:hidden;--awb-bg-color:#ffffff;--awb-bg-color-hover:#ffffff;--awb-bg-size:cover;--awb-border-color:#ebf1fc;--awb-border-bottom:1px;--awb-border-style:solid;--awb-border-radius:8px 8px 8px 8px;--awb-width-large:100%;--awb-flex-grow:0;--awb-flex-shrink:0;--awb-margin-top-large:0px;--awb-spacing-right-large:1.92%;--awb-margin-bottom-large:5px;--awb-spacing-left-large:1.92%;--awb-width-medium:100%;--awb-order-medium:0;--awb-flex-grow-medium:0;--awb-flex-shrink-medium:0;--awb-spacing-right-medium:1.92%;--awb-spacing-left-medium:1.92%;--awb-width-small:100%;--awb-order-small:0;--awb-flex-grow-small:0;--awb-flex-shrink-small:0;--awb-spacing-right-small:1.92%;--awb-spacing-left-small:1.92%;\"><div class=\"fusion-column-wrapper fusion-column-has-shadow fusion-flex-justify-content-flex-start fusion-content-layout-column\"><div class=\"fusion-text fusion-text-1 fusion-text-no-margin\" style=\"--awb-font-size:11px;--awb-line-height:16px;--awb-letter-spacing:1px;--awb-text-transform:uppercase;--awb-text-color:#525f7f;--awb-margin-top:0px;--awb-margin-bottom:0px;--awb-text-font-family:&quot;Almarai&quot;;--awb-text-font-style:normal;--awb-text-font-weight:700;\"><p><strong><span style=\"color: #5f25b8;\">VOTRE ADRESSE EMAIL<\/span><\/strong><\/p>\n<\/div><div class=\"fusion-form-field fusion-form-email-field fusion-form-label-above\" style=\"\" data-form-id=\"1450\"><input type=\"email\" autocomplete=\"off\" name=\"email_label\" id=\"email_label\" value=\"\"  class=\"fusion-form-input\" placeholder=\"john@company.com \" data-holds-private-data=\"false\"\/><\/div><\/div><\/div><div class=\"fusion-layout-column fusion_builder_column fusion-builder-column-2 fusion_builder_column_1_2 1_2 fusion-flex-column\" style=\"--awb-padding-top:12px;--awb-padding-right:16px;--awb-padding-bottom:6px;--awb-padding-left:16px;--awb-overflow:hidden;--awb-bg-color:#ffffff;--awb-bg-color-hover:#ffffff;--awb-bg-size:cover;--awb-border-color:#ebf1fc;--awb-border-bottom:1px;--awb-border-style:solid;--awb-border-radius:8px 8px 8px 8px;--awb-width-large:50%;--awb-flex-grow:0;--awb-flex-shrink:0;--awb-margin-top-large:0px;--awb-spacing-right-large:5px;--awb-margin-bottom-large:5px;--awb-spacing-left-large:3.84%;--awb-width-medium:100%;--awb-order-medium:0;--awb-flex-grow-medium:0;--awb-flex-shrink-medium:0;--awb-spacing-right-medium:1.92%;--awb-spacing-left-medium:1.92%;--awb-width-small:100%;--awb-order-small:0;--awb-flex-grow-small:0;--awb-flex-shrink-small:0;--awb-spacing-right-small:1.92%;--awb-spacing-left-small:1.92%;\"><div class=\"fusion-column-wrapper fusion-column-has-shadow fusion-flex-justify-content-flex-start fusion-content-layout-column\"><div class=\"fusion-text fusion-text-2 fusion-text-no-margin\" style=\"--awb-font-size:11px;--awb-line-height:16px;--awb-letter-spacing:1px;--awb-text-transform:uppercase;--awb-text-color:#525f7f;--awb-margin-top:0px;--awb-margin-bottom:0px;--awb-text-font-family:&quot;Almarai&quot;;--awb-text-font-style:normal;--awb-text-font-weight:700;\"><p><strong><span style=\"color: #5f25b8;\">PRENOM<\/span><\/strong><\/p>\n<\/div><div class=\"fusion-form-field fusion-form-text-field fusion-form-label-above\" style=\"\" data-form-id=\"1450\"><input type=\"text\" autocomplete=\"off\" name=\"name_label\" id=\"name_label\" value=\"\"  class=\"fusion-form-input\" placeholder=\"Hilaire \" data-holds-private-data=\"false\" minlength=\"0\"\/><\/div><\/div><\/div><div class=\"fusion-layout-column fusion_builder_column fusion-builder-column-3 fusion_builder_column_1_2 1_2 fusion-flex-column\" style=\"--awb-padding-top:12px;--awb-padding-right:16px;--awb-padding-bottom:6px;--awb-padding-left:16px;--awb-overflow:hidden;--awb-bg-color:#ffffff;--awb-bg-color-hover:#ffffff;--awb-bg-size:cover;--awb-border-color:#ebf1fc;--awb-border-bottom:1px;--awb-border-style:solid;--awb-border-radius:8px 8px 8px 8px;--awb-width-large:50%;--awb-flex-grow:0;--awb-flex-shrink:0;--awb-margin-top-large:0px;--awb-spacing-right-large:3.84%;--awb-margin-bottom-large:5px;--awb-spacing-left-large:0px;--awb-width-medium:100%;--awb-order-medium:0;--awb-flex-grow-medium:0;--awb-flex-shrink-medium:0;--awb-spacing-right-medium:1.92%;--awb-spacing-left-medium:1.92%;--awb-width-small:100%;--awb-order-small:0;--awb-flex-grow-small:0;--awb-flex-shrink-small:0;--awb-spacing-right-small:1.92%;--awb-spacing-left-small:1.92%;\"><div class=\"fusion-column-wrapper fusion-column-has-shadow fusion-flex-justify-content-flex-start fusion-content-layout-column\"><div class=\"fusion-text fusion-text-3 fusion-text-no-margin\" style=\"--awb-font-size:11px;--awb-line-height:16px;--awb-letter-spacing:1px;--awb-text-transform:uppercase;--awb-text-color:#525f7f;--awb-margin-top:0px;--awb-margin-bottom:0px;--awb-text-font-family:&quot;Almarai&quot;;--awb-text-font-style:normal;--awb-text-font-weight:700;\"><p><strong><span style=\"color: #5f25b8;\">NOM DE FAMILLE<\/span><\/strong><\/p>\n<\/div><div class=\"fusion-form-field fusion-form-text-field fusion-form-label-above\" style=\"\" data-form-id=\"1450\"><input type=\"text\" autocomplete=\"off\" name=\"last_name_label\" id=\"last_name_label\" value=\"\"  class=\"fusion-form-input\" placeholder=\"Montana \" data-holds-private-data=\"false\" minlength=\"0\"\/><\/div><\/div><\/div><div class=\"fusion-layout-column fusion_builder_column fusion-builder-column-4 fusion_builder_column_1_1 1_1 fusion-flex-column\" style=\"--awb-padding-top:12px;--awb-padding-right:16px;--awb-padding-bottom:6px;--awb-padding-left:16px;--awb-overflow:hidden;--awb-bg-color:#ffffff;--awb-bg-color-hover:#ffffff;--awb-bg-size:cover;--awb-border-color:#ebf1fc;--awb-border-bottom:1px;--awb-border-style:solid;--awb-border-radius:8px 8px 8px 8px;--awb-width-large:100%;--awb-flex-grow:0;--awb-flex-shrink:0;--awb-margin-top-large:0px;--awb-spacing-right-large:1.92%;--awb-margin-bottom-large:5px;--awb-spacing-left-large:1.92%;--awb-width-medium:100%;--awb-order-medium:0;--awb-flex-grow-medium:0;--awb-flex-shrink-medium:0;--awb-spacing-right-medium:1.92%;--awb-spacing-left-medium:1.92%;--awb-width-small:100%;--awb-order-small:0;--awb-flex-grow-small:0;--awb-flex-shrink-small:0;--awb-spacing-right-small:1.92%;--awb-spacing-left-small:1.92%;\"><div class=\"fusion-column-wrapper fusion-column-has-shadow fusion-flex-justify-content-flex-start fusion-content-layout-column\"><div class=\"fusion-text fusion-text-4 fusion-text-no-margin\" style=\"--awb-font-size:11px;--awb-line-height:16px;--awb-letter-spacing:1px;--awb-text-transform:uppercase;--awb-text-color:#525f7f;--awb-margin-top:0px;--awb-margin-bottom:0px;--awb-text-font-family:&quot;Almarai&quot;;--awb-text-font-style:normal;--awb-text-font-weight:700;\"><p><span style=\"color: #5f25b8;\"><strong>TITRE<\/strong><\/span><\/p>\n<\/div><div class=\"fusion-form-field fusion-form-textarea-field fusion-form-label-above\" style=\"\" data-form-id=\"1450\"><label for=\"sujet\">Sujet<\/label><textarea cols=\"40\" autocomplete=\"off\"  minlength=\"0\"  rows=\"2\" tabindex=\"\" id=\"sujet\" name=\"sujet\" class=\"fusion-form-input\" data-holds-private-data=\"false\"><\/textarea><\/div><\/div><\/div><div class=\"fusion-layout-column fusion_builder_column fusion-builder-column-5 fusion_builder_column_1_1 1_1 fusion-flex-column\" style=\"--awb-padding-top:12px;--awb-padding-right:16px;--awb-padding-bottom:6px;--awb-padding-left:16px;--awb-overflow:hidden;--awb-bg-color:#ffffff;--awb-bg-color-hover:#ffffff;--awb-bg-size:cover;--awb-border-color:#ebf1fc;--awb-border-bottom:1px;--awb-border-style:solid;--awb-border-radius:8px 8px 8px 8px;--awb-width-large:100%;--awb-flex-grow:0;--awb-flex-shrink:0;--awb-margin-top-large:0px;--awb-spacing-right-large:1.92%;--awb-margin-bottom-large:5px;--awb-spacing-left-large:1.92%;--awb-width-medium:100%;--awb-order-medium:0;--awb-flex-grow-medium:0;--awb-flex-shrink-medium:0;--awb-spacing-right-medium:1.92%;--awb-spacing-left-medium:1.92%;--awb-width-small:100%;--awb-order-small:0;--awb-flex-grow-small:0;--awb-flex-shrink-small:0;--awb-spacing-right-small:1.92%;--awb-spacing-left-small:1.92%;\"><div class=\"fusion-column-wrapper fusion-column-has-shadow fusion-flex-justify-content-flex-start fusion-content-layout-column\"><div class=\"fusion-text fusion-text-5 fusion-text-no-margin\" style=\"--awb-font-size:11px;--awb-line-height:16px;--awb-letter-spacing:1px;--awb-text-transform:uppercase;--awb-text-color:#525f7f;--awb-margin-top:0px;--awb-margin-bottom:0px;--awb-text-font-family:&quot;Almarai&quot;;--awb-text-font-style:normal;--awb-text-font-weight:700;\"><p><strong><span style=\"color: #5f25b8;\">VOTRE MESSAGE<\/span><\/strong><\/p>\n<\/div>\n<div class=\"fusion-form-field fusion-form-textarea-field fusion-form-label-above\" style=\"\" data-form-id=\"1450\"><textarea cols=\"40\" autocomplete=\"off\"  minlength=\"0\"  rows=\"5\" tabindex=\"\" id=\"message_label\" name=\"message_label\" class=\"fusion-form-input\" placeholder=\"Comment pouvons nous vous aider ? \" data-holds-private-data=\"false\"><\/textarea><\/div><\/div><\/div><div class=\"fusion-layout-column fusion_builder_column fusion-builder-column-6 fusion_builder_column_1_1 1_1 fusion-flex-column\" style=\"--awb-bg-size:cover;--awb-width-large:100%;--awb-flex-grow:0;--awb-flex-shrink:0;--awb-margin-top-large:8px;--awb-spacing-right-large:1.92%;--awb-margin-bottom-large:8px;--awb-spacing-left-large:1.92%;--awb-width-medium:100%;--awb-order-medium:0;--awb-flex-grow-medium:0;--awb-flex-shrink-medium:0;--awb-spacing-right-medium:1.92%;--awb-spacing-left-medium:1.92%;--awb-width-small:100%;--awb-order-small:0;--awb-flex-grow-small:0;--awb-flex-shrink-small:0;--awb-spacing-right-small:1.92%;--awb-spacing-left-small:1.92%;\"><div class=\"fusion-column-wrapper fusion-column-has-shadow fusion-flex-justify-content-flex-start fusion-content-layout-column\"><div class=\"fusion-form-field fusion-form-submit-field fusion-form-label-above\" style=\"\" data-form-id=\"1450\"><div ><button type=\"submit\" class=\"fusion-button button-flat fusion-button-default-size button-custom fusion-button-default button-1 fusion-button-span-yes fusion-has-button-gradient button-default form-form-submit\" style=\"--button_accent_color:#ffffff;--button_accent_hover_color:#ffffff;--button_border_hover_color:var(--awb-color1);--button_border_width-top:0px;--button_border_width-right:0px;--button_border_width-bottom:0px;--button_border_width-left:0px;--button-border-radius-top-left:6px;--button-border-radius-top-right:6px;--button-border-radius-bottom-right:6px;--button-border-radius-bottom-left:6px;--button_gradient_top_color:var(--awb-color4);--button_gradient_bottom_color:var(--awb-color5);--button_gradient_top_color_hover:rgba(51,105,255,0.8);--button_gradient_bottom_color_hover:rgba(51,105,255,0.8);--button_text_transform:var(--awb-typography3-text-transform);--button_font_size:18px;--button_line_height:24px;--button_padding-top:18px;--button_padding-right:24px;--button_padding-bottom:18px;--button_padding-left:24px;--button_typography-letter-spacing:0px;--button_typography-font-family:&quot;Almarai&quot;;--button_typography-font-style:normal;--button_typography-font-weight:700;\" data-form-number=\"1450\" tabindex=\"\"><span class=\"fusion-button-text awb-button__text awb-button__text--default\">Envoyer votre message<\/span><\/button><\/div><\/div><\/div><\/div><div class=\"fusion-layout-column fusion_builder_column fusion-builder-column-7 fusion_builder_column_1_1 1_1 fusion-flex-column\" style=\"--awb-bg-color:var(--awb-color2);--awb-bg-color-hover:var(--awb-color2);--awb-bg-size:cover;--awb-width-large:100%;--awb-flex-grow:0;--awb-flex-shrink:0;--awb-margin-top-large:8px;--awb-spacing-right-large:1.92%;--awb-margin-bottom-large:8px;--awb-spacing-left-large:1.92%;--awb-width-medium:100%;--awb-order-medium:0;--awb-flex-grow-medium:0;--awb-flex-shrink-medium:0;--awb-spacing-right-medium:1.92%;--awb-spacing-left-medium:1.92%;--awb-width-small:100%;--awb-order-small:0;--awb-flex-grow-small:0;--awb-flex-shrink-small:0;--awb-spacing-right-small:1.92%;--awb-spacing-left-small:1.92%;\" data-scroll-devices=\"small-visibility,medium-visibility,large-visibility\"><div class=\"fusion-column-wrapper fusion-column-has-shadow fusion-flex-justify-content-flex-start fusion-content-layout-column\"><div class=\"form-submission-notices data-notice_1\" id=\"fusion-notices-1\" data-instance=\"1\"><div class=\"fusion-alert alert success alert-success fusion-alert-center fusion-form-response fusion-form-response-success fusion-alert-capitalize awb-alert-native-link-color alert-dismissable awb-alert-close-boxed\" style=\"--awb-margin-bottom:10px;\" role=\"alert\"><div class=\"fusion-alert-content-wrapper\"><span class=\"alert-icon\"><i class=\"awb-icon-check-circle\" aria-hidden=\"true\"><\/i><\/span><span class=\"fusion-alert-content\">Merci pour votre message, il a \u00e9t\u00e9 bien envoy\u00e9<\/span><\/div><button type=\"button\" class=\"close toggle-alert\" data-dismiss=\"alert\" aria-label=\"Close\">&times;<\/button><\/div><div class=\"fusion-alert alert error alert-danger fusion-alert-center fusion-form-response fusion-form-response-error fusion-alert-capitalize awb-alert-native-link-color alert-dismissable awb-alert-close-boxed\" style=\"--awb-margin-bottom:10px;\" role=\"alert\"><div class=\"fusion-alert-content-wrapper\"><span class=\"alert-icon\"><i class=\"awb-icon-exclamation-triangle\" aria-hidden=\"true\"><\/i><\/span><span class=\"fusion-alert-content\">Une erreur s'est produite lors de l'envoi de votre message. Merci de r\u00e9essayer plus tard !<\/span><\/div><button type=\"button\" class=\"close toggle-alert\" data-dismiss=\"alert\" aria-label=\"Close\">&times;<\/button><\/div><\/div><\/div><\/div><\/div><\/div><input type=\"hidden\" name=\"fusion_privacy_expiration_interval\" value=\"48\"><input type=\"hidden\" name=\"privacy_expiration_action\" value=\"anonymize\"><\/form><\/div><\/div><\/div><\/div><\/div>\n","protected":false},"excerpt":{"rendered":"","protected":false},"author":2,"featured_media":0,"parent":0,"menu_order":0,"comment_status":"closed","ping_status":"closed","template":"100-width.php","meta":{"footnotes":""},"class_list":["post-1459","page","type-page","status-publish","hentry"],"_links":{"self":[{"href":"https:\/\/cci-rumonge.com\/index.php?rest_route=\/wp\/v2\/pages\/1459","targetHints":{"allow":["GET"]}}],"collection":[{"href":"https:\/\/cci-rumonge.com\/index.php?rest_route=\/wp\/v2\/pages"}],"about":[{"href":"https:\/\/cci-rumonge.com\/index.php?rest_route=\/wp\/v2\/types\/page"}],"author":[{"embeddable":true,"href":"https:\/\/cci-rumonge.com\/index.php?rest_route=\/wp\/v2\/users\/2"}],"replies":[{"embeddable":true,"href":"https:\/\/cci-rumonge.com\/index.php?rest_route=%2Fwp%2Fv2%2Fcomments&post=1459"}],"version-history":[{"count":7,"href":"https:\/\/cci-rumonge.com\/index.php?rest_route=\/wp\/v2\/pages\/1459\/revisions"}],"predecessor-version":[{"id":1471,"href":"https:\/\/cci-rumonge.com\/index.php?rest_route=\/wp\/v2\/pages\/1459\/revisions\/1471"}],"wp:attachment":[{"href":"https:\/\/cci-rumonge.com\/index.php?rest_route=%2Fwp%2Fv2%2Fmedia&parent=1459"}],"curies":[{"name":"wp","href":"https:\/\/api.w.org\/{rel}","templated":true}]}}