{"id":16,"date":"2015-01-27T11:55:16","date_gmt":"2015-01-27T11:55:16","guid":{"rendered":"https:\/\/avada.theme-fusion.com_demos\/travel\/?page_id=16"},"modified":"2025-02-05T15:57:04","modified_gmt":"2025-02-05T15:57:04","slug":"travel-blog","status":"publish","type":"page","link":"https:\/\/cci-rumonge.com\/?page_id=16","title":{"rendered":"Rapport du Pr\u00e9sident"},"content":{"rendered":"<div class=\"fusion-fullwidth fullwidth-box fusion-builder-row-1 fusion-flex-container has-pattern-background has-mask-background fusion-parallax-none nonhundred-percent-fullwidth non-hundred-percent-height-scrolling lazyload\" style=\"--awb-background-position:left top;--awb-border-radius-top-left:0px;--awb-border-radius-top-right:0px;--awb-border-radius-bottom-right:0px;--awb-border-radius-bottom-left:0px;--awb-background-size:contain;--awb-flex-wrap:wrap;\" data-bg=\"https:\/\/cci-rumonge.com\/wp-content\/uploads\/2024\/07\/Rambo-NB-80.png\" ><div class=\"fusion-builder-row fusion-row fusion-flex-align-items-flex-start fusion-flex-content-wrap\" style=\"max-width:1216.8px;margin-left: calc(-4% \/ 2 );margin-right: calc(-4% \/ 2 );\"><div class=\"fusion-layout-column fusion_builder_column fusion-builder-column-0 fusion_builder_column_1_1 1_1 fusion-flex-column\" style=\"--awb-bg-size:cover;--awb-width-large:100%;--awb-margin-top-large:50px;--awb-spacing-right-large:1.92%;--awb-margin-bottom-large:20px;--awb-spacing-left-large:50px;--awb-width-medium:100%;--awb-order-medium:0;--awb-spacing-right-medium:1.92%;--awb-spacing-left-medium:1.92%;--awb-width-small:100%;--awb-order-small:0;--awb-spacing-right-small:1.92%;--awb-spacing-left-small:1.92%;\" data-scroll-devices=\"small-visibility,medium-visibility,large-visibility\"><div class=\"fusion-column-wrapper fusion-column-has-shadow fusion-flex-justify-content-flex-start fusion-content-layout-column\"><div class=\"fusion-text fusion-text-1\" style=\"--awb-line-height:1;\"><p><span style=\"font-size: 14pt; color: #000000;\">Bonjour \u00e0 tous les membres et amis du CCI<\/span><\/p>\n<p><span style=\"font-size: 14pt; color: #000000;\">Notre association situ\u00e9 \u00e0 Rumonge a comme objectif de promouvoir ce centre comme point de rayonnement et contribuer au d\u00e9veloppement de la province. Pour cela <\/span><span style=\"font-size: 14pt; color: #000000;\">nos activit\u00e9s <\/span><span style=\"font-size: 14pt; color: #000000;\">soutiennent <\/span><span style=\"font-size: 14pt; color: #000000;\">trois volets<\/span><span style=\"font-size: 14pt; color: #000000;\"> :<\/span><\/p>\n<p><span style=\"font-size: 14pt; color: #000000;\"><strong>La Star<\/strong> ( Soci\u00e9t\u00e9 de Tourisme et d\u2019Accueil de Rumonge) doit permettre au centre de se suffire \u00e0 lui m\u00eame gr\u00e2ce \u00e0 la cuisine, le restaurant, les chambres ,l\u2019auberge, une salle polyvalente pour rencontres, f\u00eates et des \u00e9v\u00e9nements, une chapelle et une salle pour les activit\u00e9s de mis\u00e9ricorde et d\u2019aide aux personnes en difficult\u00e9. D\u2019autres infrastructures sont en construction.<\/span><br \/>\n<span style=\"font-size: 14pt; color: #000000;\"><strong><br \/>\nLes activit\u00e9s sociales<\/strong>: <\/span><\/p>\n<ul>\n<li><span style=\"font-size: 14pt; color: #000000;\">Le soutien de boursiers\u00a0 de JJS (Jumelage Jeunesse Solidarit\u00e9 Suisse).<\/span><\/li>\n<li><span style=\"font-size: 14pt; color: #000000;\">Les entra\u00eenement du club de Karat\u00e9 (depuis 1994) \u00e9cole de discipline et de croissance personnelle, et sociale.<\/span><\/li>\n<li><span style=\"font-size: 14pt; color: #000000;\">Les volontaires du CCI. Depuis 2016 le centre accueille des jeunes volontaires qui participent et sont initi\u00e9s \u00e0 toutes les activit\u00e9s : cuisine, nettoyage, comptabilit\u00e9 etc. Tous sont form\u00e9s au leadership\u00a0 et \u00e0 des activit\u00e9s de formations diverses:informatique, couture, cuisine, et gr\u00e2ce au projet Win2Serv\u00a0 re\u00e7oivent des notions d\u2019\u00e9lectrom\u00e9canique. Toutes ces formations sont tr\u00e8s \u00e9l\u00e9mentaires et superficielles mais donnent d\u00e9j\u00e0 la possibilit\u00e9 de pouvoir aller travailler pour obtenir un petit salaire.<\/span><\/li>\n<li><span style=\"font-size: 14pt; color: #000000;\">La Biblioth\u00e8que virtuelle, en partenariat avec <em>Biblioth\u00e8que sans fronti\u00e8res<\/em>. Deux volontaires aident les jeunes \u00e0 utiliser les 10 tablettes offertes par Biblioth\u00e8que sans Fronti\u00e8res.<\/span><\/li>\n<li><span style=\"font-size: 14pt; color: #000000;\">Le Beth Myriam de la Mis\u00e9ricorde : Chaque semaine, 20 jeunes \u00e9l\u00e8ves des \u00e9coles primaires viennent prendre trois repas chauds au centre. Nos volontaires et des mamans pr\u00e9parent la nourriture. Ceci gr\u00e2ce aux amis de Suisse qui nous soutiennent depuis 2022. Les jeux, danses et \u00e9v\u00e9nements sociales.<\/span><\/li>\n<\/ul>\n<p><span style=\"font-size: 14pt; color: #000000;\">Les activit\u00e9s <strong>du CCINVEST<\/strong> ( Centre communautaire d\u2019investissement)\u00a0: d\u00e9veloppement des activit\u00e9s cr\u00e9atrices d\u2019emploi via le restaurant, le snack-bar, l\u2019espace informatique, les chambres d\u2019h\u00e9bergement et le jardin<\/span><\/p>\n<p><span style=\"font-size: 14pt; color: #000000;\">Bien entendu nous aurions besoin d\u2019investissement consistant qui permettrait aux activit\u00e9s de bien se lancer. Nous y travaillons petit \u00e0 petit malgr\u00e9 la conjoncture \u00e9conomique difficile du pays. Ce travail se fait avec le support de Win2Serv Suisse. <a href=\"http:\/\/www.win2serv.ch\">www.win2serv.ch<\/a><\/span><br \/>\n<span style=\"font-size: 14pt; color: #000000;\">J\u2019esp\u00e8re vous accueillir au Burundi et partager notre exp\u00e9rience avec nous. Au nom de mes compagnons du CCI je vous souhaite des bonnes f\u00eates de fin d\u2019ann\u00e9e<\/span><\/p>\n<p><span style=\"font-size: 14pt; color: #000000;\">Kaze mu Rumonge, Burundi.\u00a0 <span style=\"color: #975cd1;\"><strong>SINTUKA RAMADHANI Pr\u00e9sident du CCI<\/strong><\/span><\/span><\/p>\n<\/div><\/div><\/div><\/div><\/div>\n","protected":false},"excerpt":{"rendered":"","protected":false},"author":2,"featured_media":1213,"parent":0,"menu_order":0,"comment_status":"closed","ping_status":"closed","template":"100-width.php","meta":{"footnotes":""},"class_list":["post-16","page","type-page","status-publish","has-post-thumbnail","hentry"],"_links":{"self":[{"href":"https:\/\/cci-rumonge.com\/index.php?rest_route=\/wp\/v2\/pages\/16","targetHints":{"allow":["GET"]}}],"collection":[{"href":"https:\/\/cci-rumonge.com\/index.php?rest_route=\/wp\/v2\/pages"}],"about":[{"href":"https:\/\/cci-rumonge.com\/index.php?rest_route=\/wp\/v2\/types\/page"}],"author":[{"embeddable":true,"href":"https:\/\/cci-rumonge.com\/index.php?rest_route=\/wp\/v2\/users\/2"}],"replies":[{"embeddable":true,"href":"https:\/\/cci-rumonge.com\/index.php?rest_route=%2Fwp%2Fv2%2Fcomments&post=16"}],"version-history":[{"count":18,"href":"https:\/\/cci-rumonge.com\/index.php?rest_route=\/wp\/v2\/pages\/16\/revisions"}],"predecessor-version":[{"id":1964,"href":"https:\/\/cci-rumonge.com\/index.php?rest_route=\/wp\/v2\/pages\/16\/revisions\/1964"}],"wp:featuredmedia":[{"embeddable":true,"href":"https:\/\/cci-rumonge.com\/index.php?rest_route=\/wp\/v2\/media\/1213"}],"wp:attachment":[{"href":"https:\/\/cci-rumonge.com\/index.php?rest_route=%2Fwp%2Fv2%2Fmedia&parent=16"}],"curies":[{"name":"wp","href":"https:\/\/api.w.org\/{rel}","templated":true}]}}