{"id":1815,"date":"2025-01-23T15:23:01","date_gmt":"2025-01-23T15:23:01","guid":{"rendered":"https:\/\/cci-rumonge.com\/?page_id=1815"},"modified":"2025-02-25T17:12:17","modified_gmt":"2025-02-25T17:12:17","slug":"cci-invest","status":"publish","type":"page","link":"https:\/\/cci-rumonge.com\/?page_id=1815","title":{"rendered":"CCI Invest"},"content":{"rendered":"<p><div class=\"fusion-fullwidth fullwidth-box fusion-builder-row-1 fusion-flex-container has-pattern-background has-mask-background nonhundred-percent-fullwidth non-hundred-percent-height-scrolling\" style=\"--awb-background-position:left top;--awb-border-sizes-top:0px;--awb-border-sizes-bottom:0px;--awb-border-sizes-left:0px;--awb-border-sizes-right:0px;--awb-border-radius-top-left:0px;--awb-border-radius-top-right:0px;--awb-border-radius-bottom-right:0px;--awb-border-radius-bottom-left:0px;--awb-padding-top:20px;--awb-padding-bottom:0px;--awb-margin-top:150px;--awb-background-color:var(--awb-color2);--awb-flex-wrap:wrap;\" ><div class=\"fusion-builder-row fusion-row fusion-flex-align-items-flex-start fusion-flex-content-wrap\" style=\"max-width:calc( 1170px + 0px );margin-left: calc(-0px \/ 2 );margin-right: calc(-0px \/ 2 );\"><div class=\"fusion-layout-column fusion_builder_column fusion-builder-column-0 fusion_builder_column_4_5 4_5 fusion-flex-column fusion-flex-align-self-flex-start fusion-column-no-min-height\" style=\"--awb-bg-blend:overlay;--awb-bg-size:cover;--awb-width-large:80%;--awb-margin-top-large:80px px;--awb-spacing-right-large:0px;--awb-margin-bottom-large:0px;--awb-spacing-left-large:0px;--awb-width-medium:100%;--awb-order-medium:0;--awb-spacing-right-medium:0px;--awb-spacing-left-medium:0px;--awb-width-small:100%;--awb-order-small:0;--awb-spacing-right-small:0px;--awb-spacing-left-small:0px;\" data-scroll-devices=\"small-visibility,medium-visibility,large-visibility\"><div class=\"fusion-column-wrapper fusion-column-has-shadow fusion-flex-justify-content-flex-start fusion-content-layout-column\"><div class=\"fusion-title title fusion-title-1 fusion-title-center fusion-title-text fusion-title-size-two\" style=\"--awb-margin-top-small:0px;--awb-margin-right-small:0px;--awb-margin-bottom-small:20px;--awb-margin-left-small:0px;--awb-font-size:54px;\"><div class=\"title-sep-container title-sep-container-left\"><div class=\"title-sep sep- sep-solid\" style=\"border-color:var(--awb-color3);\"><\/div><\/div><span class=\"awb-title-spacer\"><\/span><h2 class=\"fusion-title-heading title-heading-center fusion-responsive-typography-calculated\" style=\"margin:0;font-size:1em;--fontSize:54;line-height:2;\"><p><strong><span style=\"color: #993366;\">CCI<\/span><\/strong><span style=\"color: #800080;\"><strong><span style=\"color: #cc99ff;\">NVEST<\/span><\/strong>\u00a0 <\/span><strong><span style=\"font-size: 10pt;\">Activit\u00e9s \u00c9conomiques<\/span><span style=\"color: #7319b3;\"><br \/>\n<\/span><\/strong><\/p><\/h2><span class=\"awb-title-spacer\"><\/span><div class=\"title-sep-container title-sep-container-right\"><div class=\"title-sep sep- sep-solid\" style=\"border-color:var(--awb-color3);\"><\/div><\/div><\/div><div class=\"fusion-separator\" style=\"align-self: center;margin-left: auto;margin-right: auto;margin-top:20px;margin-bottom:35px;width:100%;max-width:1300px;\"><div class=\"fusion-separator-border sep-single sep-solid\" style=\"--awb-height:20px;--awb-amount:20px;--awb-sep-color:var(--awb-color8);border-color:var(--awb-color8);border-top-width:1px;\"><\/div><\/div><\/div><\/div><div class=\"fusion-layout-column fusion_builder_column fusion-builder-column-1 fusion_builder_column_1_5 1_5 fusion-flex-column fusion-flex-align-self-flex-start fusion-column-no-min-height\" style=\"--awb-bg-blend:overlay;--awb-bg-size:cover;--awb-width-large:20%;--awb-margin-top-large:80px px;--awb-spacing-right-large:0px;--awb-margin-bottom-large:0px;--awb-spacing-left-large:0px;--awb-width-medium:100%;--awb-order-medium:0;--awb-spacing-right-medium:0px;--awb-spacing-left-medium:0px;--awb-width-small:100%;--awb-order-small:0;--awb-spacing-right-small:0px;--awb-spacing-left-small:0px;\" data-scroll-devices=\"small-visibility,medium-visibility,large-visibility\"><div class=\"fusion-column-wrapper fusion-column-has-shadow fusion-flex-justify-content-flex-start fusion-content-layout-column\"><div class=\"fusion-image-element \" style=\"--awb-margin-top:30px;--awb-caption-title-font-family:var(--h2_typography-font-family);--awb-caption-title-font-weight:var(--h2_typography-font-weight);--awb-caption-title-font-style:var(--h2_typography-font-style);--awb-caption-title-size:var(--h2_typography-font-size);--awb-caption-title-transform:var(--h2_typography-text-transform);--awb-caption-title-line-height:var(--h2_typography-line-height);--awb-caption-title-letter-spacing:var(--h2_typography-letter-spacing);\"><span class=\" fusion-imageframe imageframe-none imageframe-1 hover-type-none\"><img decoding=\"async\" width=\"200\" height=\"85\" title=\"win2serv_logo_200x85_farbe\" src=\"https:\/\/cci-rumonge.com\/wp-content\/uploads\/2025\/01\/win2serv_logo_200x85_farbe.png\" data-orig-src=\"https:\/\/cci-rumonge.com\/wp-content\/uploads\/2025\/01\/win2serv_logo_200x85_farbe-200x85.png\" alt class=\"lazyload img-responsive wp-image-1820\" srcset=\"data:image\/svg+xml,%3Csvg%20xmlns%3D%27http%3A%2F%2Fwww.w3.org%2F2000%2Fsvg%27%20width%3D%27283%27%20height%3D%27120%27%20viewBox%3D%270%200%20283%20120%27%3E%3Crect%20width%3D%27283%27%20height%3D%27120%27%20fill-opacity%3D%220%22%2F%3E%3C%2Fsvg%3E\" data-srcset=\"https:\/\/cci-rumonge.com\/wp-content\/uploads\/2025\/01\/win2serv_logo_200x85_farbe-200x85.png 200w, https:\/\/cci-rumonge.com\/wp-content\/uploads\/2025\/01\/win2serv_logo_200x85_farbe.png 283w\" data-sizes=\"auto\" data-orig-sizes=\"(max-width: 1024px) 100vw, (max-width: 640px) 100vw, 200px\" \/><\/span><\/div><div class=\"fusion-separator\" style=\"align-self: center;margin-left: auto;margin-right: auto;flex-grow:2;margin-top:13px;width:100%;max-width:1500px;\"><div class=\"fusion-separator-border sep-single sep-solid\" style=\"--awb-height:20px;--awb-amount:20px;--awb-sep-color:var(--awb-color8);border-color:var(--awb-color8);border-top-width:1px;\"><\/div><\/div><\/div><\/div><\/div><\/div><div class=\"fusion-fullwidth fullwidth-box fusion-builder-row-2 fusion-flex-container has-pattern-background has-mask-background nonhundred-percent-fullwidth non-hundred-percent-height-scrolling\" style=\"--awb-border-radius-top-left:0px;--awb-border-radius-top-right:0px;--awb-border-radius-bottom-right:0px;--awb-border-radius-bottom-left:0px;--awb-background-color:var(--awb-color2);--awb-flex-wrap:wrap;\" ><div class=\"fusion-builder-row fusion-row fusion-flex-align-items-flex-start fusion-flex-content-wrap\" style=\"max-width:1216.8px;margin-left: calc(-4% \/ 2 );margin-right: calc(-4% \/ 2 );\"><div class=\"fusion-layout-column fusion_builder_column fusion-builder-column-2 fusion_builder_column_1_2 1_2 fusion-flex-column\" style=\"--awb-padding-bottom:20px;--awb-overflow:hidden;--awb-bg-color:var(--awb-custom_color_2);--awb-bg-color-hover:var(--awb-custom_color_2);--awb-bg-size:cover;--awb-border-color:var(--awb-color4);--awb-border-top:2px;--awb-border-right:2px;--awb-border-bottom:2px;--awb-border-left:2px;--awb-border-style:solid;--awb-border-radius:40px 40px 40px 40px;--awb-width-large:50%;--awb-margin-top-large:0px;--awb-spacing-right-large:3.84%;--awb-margin-bottom-large:20px;--awb-spacing-left-large:3.84%;--awb-width-medium:100%;--awb-order-medium:0;--awb-spacing-right-medium:1.92%;--awb-spacing-left-medium:1.92%;--awb-width-small:100%;--awb-order-small:0;--awb-spacing-right-small:1.92%;--awb-spacing-left-small:1.92%;\" data-scroll-devices=\"small-visibility,medium-visibility,large-visibility\"><div class=\"fusion-column-wrapper fusion-column-has-shadow fusion-flex-justify-content-flex-start fusion-content-layout-column\"><div class=\"fusion-image-element \" style=\"--awb-aspect-ratio:1 \/ 1;--awb-mask-url: url(https:\/\/cci-rumonge.com\/wp-content\/plugins\/fusion-builder\/\/assets\/images\/masks\/mask-1.svg);--awb-caption-title-font-family:var(--h2_typography-font-family);--awb-caption-title-font-weight:var(--h2_typography-font-weight);--awb-caption-title-font-style:var(--h2_typography-font-style);--awb-caption-title-size:var(--h2_typography-font-size);--awb-caption-title-transform:var(--h2_typography-text-transform);--awb-caption-title-line-height:var(--h2_typography-line-height);--awb-caption-title-letter-spacing:var(--h2_typography-letter-spacing);\"><span class=\" fusion-imageframe imageframe-none imageframe-2 awb-imageframe-style awb-imageframe-style-resa has-mask has-aspect-ratio\"><img decoding=\"async\" width=\"1200\" height=\"797\" src=\"https:\/\/cci-rumonge.com\/wp-content\/uploads\/2025\/01\/DSC0441-EDIT-scaled.jpg\" data-orig-src=\"https:\/\/cci-rumonge.com\/wp-content\/uploads\/2025\/01\/DSC0441-EDIT-1200x797.jpg\" class=\"lazyload img-responsive wp-image-1834 img-with-aspect-ratio\" data-parent-fit=\"cover\" data-parent-container=\".fusion-image-element\" alt srcset=\"data:image\/svg+xml,%3Csvg%20xmlns%3D%27http%3A%2F%2Fwww.w3.org%2F2000%2Fsvg%27%20width%3D%272560%27%20height%3D%271700%27%20viewBox%3D%270%200%202560%201700%27%3E%3Crect%20width%3D%272560%27%20height%3D%271700%27%20fill-opacity%3D%220%22%2F%3E%3C%2Fsvg%3E\" data-srcset=\"https:\/\/cci-rumonge.com\/wp-content\/uploads\/2025\/01\/DSC0441-EDIT-200x133.jpg 200w, https:\/\/cci-rumonge.com\/wp-content\/uploads\/2025\/01\/DSC0441-EDIT-400x266.jpg 400w, https:\/\/cci-rumonge.com\/wp-content\/uploads\/2025\/01\/DSC0441-EDIT-600x398.jpg 600w, https:\/\/cci-rumonge.com\/wp-content\/uploads\/2025\/01\/DSC0441-EDIT-800x531.jpg 800w, https:\/\/cci-rumonge.com\/wp-content\/uploads\/2025\/01\/DSC0441-EDIT-1200x797.jpg 1200w\" data-sizes=\"auto\" data-orig-sizes=\"(max-width: 1024px) 100vw, (max-width: 640px) 100vw, 600px\" \/><div class=\"awb-imageframe-caption-container\"><div class=\"awb-imageframe-caption\"><h2 class=\"awb-imageframe-caption-title\">CENTRE INFORMATIQUE<\/h2><\/div><\/div><\/span><\/div><div class=\"fusion-text fusion-text-1 fusion-text-no-margin\" style=\"--awb-content-alignment:center;--awb-margin-top:5px;--awb-margin-right:5px;--awb-margin-bottom:5px;--awb-margin-left:5px;\"><h4 style=\"text-align: center;\"><strong><span style=\"color: #7319b3;\">Le centre qui a ouvert en 2024 est destin\u00e9 \u00e0 la formation de base (Microsoft Office par ex) des jeunes pour am\u00e9liorer leurs comp\u00e9tences et faciliter leur entr\u00e9e sur le march\u00e9 du travail. Il propose des stages d&rsquo;\u00e9tudes aux \u00e9l\u00e8ves des \u00e9coles secondaires de la province de Rumonge. Il poss\u00e8de en outre un secr\u00e9tariat public et une petite boutique de vente<br \/>\n<\/span><\/strong><\/h4>\n<\/div><\/div><\/div><div class=\"fusion-layout-column fusion_builder_column fusion-builder-column-3 fusion_builder_column_1_2 1_2 fusion-flex-column\" style=\"--awb-overflow:hidden;--awb-bg-color:var(--awb-custom_color_2);--awb-bg-color-hover:var(--awb-custom_color_2);--awb-bg-size:cover;--awb-border-color:var(--awb-color4);--awb-border-top:2px;--awb-border-right:2px;--awb-border-bottom:2px;--awb-border-left:2px;--awb-border-style:solid;--awb-border-radius:40px 40px 40px 40px;--awb-width-large:50%;--awb-margin-top-large:0px;--awb-spacing-right-large:3.84%;--awb-margin-bottom-large:20px;--awb-spacing-left-large:3.84%;--awb-width-medium:100%;--awb-order-medium:0;--awb-spacing-right-medium:1.92%;--awb-spacing-left-medium:1.92%;--awb-width-small:100%;--awb-order-small:0;--awb-spacing-right-small:1.92%;--awb-spacing-left-small:1.92%;\" data-scroll-devices=\"small-visibility,medium-visibility,large-visibility\"><div class=\"fusion-column-wrapper fusion-column-has-shadow fusion-flex-justify-content-flex-start fusion-content-layout-column\"><div class=\"fusion-image-element \" style=\"--awb-aspect-ratio:1 \/ 1;--awb-object-position:32% 51%;--awb-mask-url: url(https:\/\/cci-rumonge.com\/wp-content\/plugins\/fusion-builder\/\/assets\/images\/masks\/mask-1.svg);--awb-caption-title-font-family:var(--h2_typography-font-family);--awb-caption-title-font-weight:var(--h2_typography-font-weight);--awb-caption-title-font-style:var(--h2_typography-font-style);--awb-caption-title-size:var(--h2_typography-font-size);--awb-caption-title-transform:var(--h2_typography-text-transform);--awb-caption-title-line-height:var(--h2_typography-line-height);--awb-caption-title-letter-spacing:var(--h2_typography-letter-spacing);\"><span class=\" fusion-imageframe imageframe-none imageframe-3 awb-imageframe-style awb-imageframe-style-resa has-mask has-aspect-ratio\"><a class=\"fusion-no-lightbox\" href=\"https:\/\/cci-rumonge.com\/?page_id=1910\" target=\"_self\"><img decoding=\"async\" width=\"200\" height=\"133\" src=\"https:\/\/cci-rumonge.com\/wp-content\/uploads\/2025\/01\/DSC0013_1-scaled.jpg\" data-orig-src=\"https:\/\/cci-rumonge.com\/wp-content\/uploads\/2025\/01\/DSC0013_1-200x133.jpg\" class=\"lazyload img-responsive wp-image-1837 img-with-aspect-ratio\" data-parent-fit=\"cover\" data-parent-container=\".fusion-image-element\" alt srcset=\"data:image\/svg+xml,%3Csvg%20xmlns%3D%27http%3A%2F%2Fwww.w3.org%2F2000%2Fsvg%27%20width%3D%272560%27%20height%3D%271700%27%20viewBox%3D%270%200%202560%201700%27%3E%3Crect%20width%3D%272560%27%20height%3D%271700%27%20fill-opacity%3D%220%22%2F%3E%3C%2Fsvg%3E\" data-srcset=\"https:\/\/cci-rumonge.com\/wp-content\/uploads\/2025\/01\/DSC0013_1-200x133.jpg 200w, https:\/\/cci-rumonge.com\/wp-content\/uploads\/2025\/01\/DSC0013_1-400x266.jpg 400w, https:\/\/cci-rumonge.com\/wp-content\/uploads\/2025\/01\/DSC0013_1-600x399.jpg 600w, https:\/\/cci-rumonge.com\/wp-content\/uploads\/2025\/01\/DSC0013_1-800x531.jpg 800w, https:\/\/cci-rumonge.com\/wp-content\/uploads\/2025\/01\/DSC0013_1-1200x797.jpg 1200w\" data-sizes=\"auto\" data-orig-sizes=\"(max-width: 1024px) 100vw, (max-width: 640px) 100vw, 600px\" \/><div class=\"awb-imageframe-caption-container\"><div class=\"awb-imageframe-caption\"><h2 class=\"awb-imageframe-caption-title\">COOPERATIVE WIN2SERV <\/h2><p class=\"awb-imageframe-caption-text\">LES PROJETS<\/p><\/div><\/div><\/a><\/span><\/div><div class=\"fusion-text fusion-text-2 fusion-text-no-margin\" style=\"--awb-text-color:#6666a4;--awb-margin-top:5px;--awb-margin-right:5px;--awb-margin-bottom:5px;--awb-margin-left:5px;\"><h4 style=\"text-align: center;\"><strong><span style=\"color: #7319b3;\">La coop\u00e9rative offre des emplois et des formations aux membres de la communaut\u00e9 et encourage le d\u00e9veloppement durable avec des projets innovants et \u00e9cologiques en promouvant des microentreprises permettant de g\u00e9n\u00e9rer des revenus pour les membres et le CCI. Certains projets ont \u00e9t\u00e9 lanc\u00e9s comme les \u00e9l\u00e9ctro-v\u00e9lotaxis, l&rsquo;atelier couture, ou Win2Serv Informatique (W2S\u00a0 IT)<\/span><br \/>\n<\/strong><\/h4>\n<\/div><\/div><\/div><\/div><\/div><\/p>\n","protected":false},"excerpt":{"rendered":"","protected":false},"author":2,"featured_media":1258,"parent":0,"menu_order":0,"comment_status":"closed","ping_status":"closed","template":"100-width.php","meta":{"footnotes":""},"class_list":["post-1815","page","type-page","status-publish","has-post-thumbnail","hentry"],"_links":{"self":[{"href":"https:\/\/cci-rumonge.com\/index.php?rest_route=\/wp\/v2\/pages\/1815","targetHints":{"allow":["GET"]}}],"collection":[{"href":"https:\/\/cci-rumonge.com\/index.php?rest_route=\/wp\/v2\/pages"}],"about":[{"href":"https:\/\/cci-rumonge.com\/index.php?rest_route=\/wp\/v2\/types\/page"}],"author":[{"embeddable":true,"href":"https:\/\/cci-rumonge.com\/index.php?rest_route=\/wp\/v2\/users\/2"}],"replies":[{"embeddable":true,"href":"https:\/\/cci-rumonge.com\/index.php?rest_route=%2Fwp%2Fv2%2Fcomments&post=1815"}],"version-history":[{"count":41,"href":"https:\/\/cci-rumonge.com\/index.php?rest_route=\/wp\/v2\/pages\/1815\/revisions"}],"predecessor-version":[{"id":2032,"href":"https:\/\/cci-rumonge.com\/index.php?rest_route=\/wp\/v2\/pages\/1815\/revisions\/2032"}],"wp:featuredmedia":[{"embeddable":true,"href":"https:\/\/cci-rumonge.com\/index.php?rest_route=\/wp\/v2\/media\/1258"}],"wp:attachment":[{"href":"https:\/\/cci-rumonge.com\/index.php?rest_route=%2Fwp%2Fv2%2Fmedia&parent=1815"}],"curies":[{"name":"wp","href":"https:\/\/api.w.org\/{rel}","templated":true}]}}