{"id":1925,"date":"2025-02-05T16:32:26","date_gmt":"2025-02-05T16:32:26","guid":{"rendered":"https:\/\/cci-rumonge.com\/?page_id=1925"},"modified":"2025-02-07T17:13:44","modified_gmt":"2025-02-07T17:13:44","slug":"taxel-projet","status":"publish","type":"page","link":"https:\/\/cci-rumonge.com\/?page_id=1925","title":{"rendered":"TAXEL PROJET"},"content":{"rendered":"<div class=\"fusion-fullwidth fullwidth-box fusion-builder-row-1 fusion-flex-container has-pattern-background has-mask-background nonhundred-percent-fullwidth non-hundred-percent-height-scrolling\" style=\"--awb-background-position:left top;--awb-border-sizes-top:0px;--awb-border-sizes-bottom:0px;--awb-border-sizes-left:0px;--awb-border-sizes-right:0px;--awb-border-radius-top-left:0px;--awb-border-radius-top-right:0px;--awb-border-radius-bottom-right:0px;--awb-border-radius-bottom-left:0px;--awb-padding-top:20px;--awb-padding-bottom:0px;--awb-margin-top:150px;--awb-background-color:var(--awb-color2);--awb-flex-wrap:wrap;\" ><div class=\"fusion-builder-row fusion-row fusion-flex-align-items-flex-start fusion-flex-content-wrap\" style=\"max-width:calc( 1170px + 0px );margin-left: calc(-0px \/ 2 );margin-right: calc(-0px \/ 2 );\"><div class=\"fusion-layout-column fusion_builder_column fusion-builder-column-0 fusion_builder_column_4_5 4_5 fusion-flex-column fusion-flex-align-self-flex-start fusion-column-no-min-height\" style=\"--awb-bg-blend:overlay;--awb-bg-size:cover;--awb-width-large:80%;--awb-margin-top-large:80px px;--awb-spacing-right-large:0px;--awb-margin-bottom-large:0px;--awb-spacing-left-large:0px;--awb-width-medium:100%;--awb-order-medium:0;--awb-spacing-right-medium:0px;--awb-spacing-left-medium:0px;--awb-width-small:100%;--awb-order-small:0;--awb-spacing-right-small:0px;--awb-spacing-left-small:0px;\" data-scroll-devices=\"small-visibility,medium-visibility,large-visibility\"><div class=\"fusion-column-wrapper fusion-column-has-shadow fusion-flex-justify-content-flex-start fusion-content-layout-column\"><div class=\"fusion-title title fusion-title-1 fusion-title-center fusion-title-text fusion-title-size-two\" style=\"--awb-margin-top-small:0px;--awb-margin-right-small:0px;--awb-margin-bottom-small:20px;--awb-margin-left-small:0px;--awb-font-size:54px;\"><div class=\"title-sep-container title-sep-container-left\"><div class=\"title-sep sep- sep-solid\" style=\"border-color:var(--awb-color3);\"><\/div><\/div><span class=\"awb-title-spacer\"><\/span><h2 class=\"fusion-title-heading title-heading-center fusion-responsive-typography-calculated\" style=\"margin:0;font-size:1em;--fontSize:54;line-height:2;\"><p><span style=\"color: #800080;\"><strong><span style=\"color: #cc99ff;\">PROJET <\/span><\/strong><\/span><strong><span style=\"color: #993366;\">TAXEL<\/span><\/strong><span style=\"color: #800080;\"> \u00a0 <\/span><strong><span style=\"color: #7319b3;\"><br \/>\n<\/span><\/strong><\/p><\/h2><span class=\"awb-title-spacer\"><\/span><div class=\"title-sep-container title-sep-container-right\"><div class=\"title-sep sep- sep-solid\" style=\"border-color:var(--awb-color3);\"><\/div><\/div><\/div><div class=\"fusion-separator\" style=\"align-self: center;margin-left: auto;margin-right: auto;margin-top:20px;margin-bottom:35px;width:100%;max-width:1300px;\"><div class=\"fusion-separator-border sep-single sep-solid\" style=\"--awb-height:20px;--awb-amount:20px;--awb-sep-color:var(--awb-color8);border-color:var(--awb-color8);border-top-width:1px;\"><\/div><\/div><div class=\"fusion-title title fusion-title-2 fusion-title-center fusion-title-text fusion-title-size-three\" style=\"--awb-text-color:#141617;--awb-margin-top:20px;--awb-margin-bottom:20px;--awb-margin-top-small:10px;--awb-margin-right-small:0px;--awb-margin-bottom-small:10px;--awb-margin-left-small:0px;--awb-font-size:48px;\"><div class=\"title-sep-container title-sep-container-left\"><div class=\"title-sep sep- sep-solid\" style=\"border-color:var(--awb-color3);\"><\/div><\/div><span class=\"awb-title-spacer\"><\/span><h3 class=\"fusion-title-heading title-heading-center awb-gradient-text fusion-responsive-typography-calculated\" style=\"font-family:&quot;Work Sans&quot;;font-style:normal;font-weight:800;margin:0;letter-spacing:-0.012em;text-transform:var(--awb-typography1-text-transform);background-color:#3528cd;background-image:linear-gradient(150deg, #3528cd 20%,#fe6996 100%);font-size:1em;--fontSize:48;line-height:1;\"><p style=\"text-align: center;\">L&rsquo;\u00e9lectromobilit\u00e9 au Burundi<br \/>\nUN CHALLENGE !<\/p><\/h3><span class=\"awb-title-spacer\"><\/span><div class=\"title-sep-container title-sep-container-right\"><div class=\"title-sep sep- sep-solid\" style=\"border-color:var(--awb-color3);\"><\/div><\/div><\/div><div class=\"fusion-text fusion-text-1 awb-text-cols fusion-text-columns-3 fusion-text-no-margin\" style=\"--awb-font-size:18px;--awb-line-height:1.72em;--awb-letter-spacing:var(--awb-typography4-letter-spacing);--awb-text-transform:var(--awb-typography4-text-transform);--awb-text-color:#19052e;--awb-columns:3;--awb-column-spacing:60px;--awb-column-min-width:100px;--awb-rule-style:1px solid #e1f5e3;--awb-margin-top:20px;--awb-margin-right:20px;--awb-margin-bottom:20px;--awb-margin-left:20px;--awb-text-font-family:&quot;Cardo&quot;;--awb-text-font-style:normal;--awb-text-font-weight:400;\"><p><span class=\"Y2IQFc\" lang=\"fr\">Les transports dans le pays sont dans un \u00e9tat catastrophique. Le Burundi ne parvient plus depuis plusieurs ann\u00e9es \u00e0 importer de l\u2019essence ce qui provoque des files d\u2019attente de plusieurs heures ou m\u00eame jour au stations services, ce qui favorise le march\u00e9 noir en provenance des pays voisins. La majeure partie des d\u00e9placements s\u2019effectuent en utilisant des v\u00e9los. Le V\u00e9lotaxi est pour beaucoup de gens le seul moyen de se d\u00e9placer ou transporter des bagages. Beaucoup de jeunes gens travaillent comme chauffeurs de taxi-v\u00e9lo pour pour assurer <\/span><span class=\"Y2IQFc\" lang=\"fr\">leur <\/span><span class=\"Y2IQFc\" lang=\"fr\">existence.<br \/>\nD\u2019o\u00f9 l&rsquo;id\u00e9e de cr\u00e9er un service de transport sur base de Tricycle \u00e0 assistance \u00e9lectrique. Un mod\u00e8le d\u2019\u00e9lectromobilit\u00e9 accessible \u00e0 tous, durable, rapide, confortable, efficace et fabriqu\u00e9 localement.<\/span><\/p>\n<\/div><div class=\"awb-gallery-wrapper awb-gallery-wrapper-1 button-span-no\" style=\"--more-btn-alignment:center;\" data-limit=\"10\" data-page=\"1\"><div style=\"margin:-5px;--awb-bordersize:0px;--awb-caption-title-color:var(--awb-color4);\" class=\"fusion-gallery fusion-gallery-container fusion-grid-2 fusion-columns-total-2 fusion-gallery-layout-grid fusion-gallery-1\"><div style=\"padding:5px;\" class=\"fusion-grid-column fusion-gallery-column fusion-gallery-column-2 hover-type-none awb-imageframe-style awb-imageframe-style-below awb-imageframe-style-1\"><div class=\"fusion-gallery-image\"><a href=\"https:\/\/cci-rumonge.com\/wp-content\/uploads\/2025\/02\/Penurie-de-carburant-Taxi.jpg\" rel=\"noreferrer\" data-rel=\"iLightbox[gallery_image_1]\" class=\"fusion-lightbox\" target=\"_self\"><img decoding=\"async\" src=\"https:\/\/cci-rumonge.com\/wp-content\/uploads\/2025\/02\/Penurie-de-carburant-Taxi-460x295.jpg\" width=\"460\" height=\"295\" alt=\"\" title=\"TAXIS EN ATTENTE DE CARBURANT\" aria-label=\"TAXIS EN ATTENTE DE CARBURANT\" class=\"img-responsive wp-image-1991 fusion-gallery-image-size-fixed\"  \/><\/a><\/div><div class=\"awb-imageframe-caption-container\" style=\"text-align:center;\"><div class=\"awb-imageframe-caption\"><h2 class=\"awb-imageframe-caption-title\">TAXIS EN ATTENTE DE CARBURANT<\/h2><\/div><\/div><\/div><div style=\"padding:5px;\" class=\"fusion-grid-column fusion-gallery-column fusion-gallery-column-2 hover-type-none awb-imageframe-style awb-imageframe-style-below awb-imageframe-style-1\"><div class=\"fusion-gallery-image\"><a href=\"https:\/\/cci-rumonge.com\/wp-content\/uploads\/2025\/02\/DSC0062-scaled-e1738859467942.jpg\" rel=\"noreferrer\" data-rel=\"iLightbox[gallery_image_1]\" class=\"fusion-lightbox\" target=\"_self\"><img decoding=\"async\" src=\"https:\/\/cci-rumonge.com\/wp-content\/uploads\/2025\/02\/DSC0062-scaled-e1738859467942-460x295.jpg\" width=\"460\" height=\"295\" alt=\"\" title=\"VELOS TAXIS TRADITIONNELS\" aria-label=\"VELOS TAXIS TRADITIONNELS\" class=\"img-responsive wp-image-1995 fusion-gallery-image-size-fixed\"  \/><\/a><\/div><div class=\"awb-imageframe-caption-container\" style=\"text-align:center;\"><div class=\"awb-imageframe-caption\"><h2 class=\"awb-imageframe-caption-title\">VELOS TAXIS TRADITIONNELS<\/h2><\/div><\/div><\/div><div class=\"clearfix\"><\/div><\/div><\/div><\/div><\/div><div class=\"fusion-layout-column fusion_builder_column fusion-builder-column-1 fusion_builder_column_1_5 1_5 fusion-flex-column fusion-flex-align-self-flex-start fusion-column-no-min-height\" style=\"--awb-bg-blend:overlay;--awb-bg-size:cover;--awb-width-large:20%;--awb-margin-top-large:80px px;--awb-spacing-right-large:0px;--awb-margin-bottom-large:0px;--awb-spacing-left-large:0px;--awb-width-medium:100%;--awb-order-medium:0;--awb-spacing-right-medium:0px;--awb-spacing-left-medium:0px;--awb-width-small:100%;--awb-order-small:0;--awb-spacing-right-small:0px;--awb-spacing-left-small:0px;\" data-scroll-devices=\"small-visibility,medium-visibility,large-visibility\"><div class=\"fusion-column-wrapper fusion-column-has-shadow fusion-flex-justify-content-flex-start fusion-content-layout-column\"><div class=\"fusion-image-element \" style=\"--awb-margin-top:30px;--awb-caption-title-font-family:var(--h2_typography-font-family);--awb-caption-title-font-weight:var(--h2_typography-font-weight);--awb-caption-title-font-style:var(--h2_typography-font-style);--awb-caption-title-size:var(--h2_typography-font-size);--awb-caption-title-transform:var(--h2_typography-text-transform);--awb-caption-title-line-height:var(--h2_typography-line-height);--awb-caption-title-letter-spacing:var(--h2_typography-letter-spacing);\"><span class=\" fusion-imageframe imageframe-none imageframe-1 hover-type-none\"><img decoding=\"async\" width=\"200\" height=\"85\" title=\"win2serv_logo_200x85_farbe\" src=\"https:\/\/cci-rumonge.com\/wp-content\/uploads\/2025\/01\/win2serv_logo_200x85_farbe.png\" data-orig-src=\"https:\/\/cci-rumonge.com\/wp-content\/uploads\/2025\/01\/win2serv_logo_200x85_farbe-200x85.png\" alt class=\"lazyload img-responsive wp-image-1820\" srcset=\"data:image\/svg+xml,%3Csvg%20xmlns%3D%27http%3A%2F%2Fwww.w3.org%2F2000%2Fsvg%27%20width%3D%27283%27%20height%3D%27120%27%20viewBox%3D%270%200%20283%20120%27%3E%3Crect%20width%3D%27283%27%20height%3D%27120%27%20fill-opacity%3D%220%22%2F%3E%3C%2Fsvg%3E\" data-srcset=\"https:\/\/cci-rumonge.com\/wp-content\/uploads\/2025\/01\/win2serv_logo_200x85_farbe-200x85.png 200w, https:\/\/cci-rumonge.com\/wp-content\/uploads\/2025\/01\/win2serv_logo_200x85_farbe.png 283w\" data-sizes=\"auto\" data-orig-sizes=\"(max-width: 1024px) 100vw, (max-width: 640px) 100vw, 200px\" \/><\/span><\/div><div class=\"fusion-separator\" style=\"align-self: center;margin-left: auto;margin-right: auto;flex-grow:2;margin-top:13px;width:100%;max-width:1500px;\"><div class=\"fusion-separator-border sep-single sep-solid\" style=\"--awb-height:20px;--awb-amount:20px;--awb-sep-color:var(--awb-color8);border-color:var(--awb-color8);border-top-width:1px;\"><\/div><\/div><\/div><\/div><div class=\"fusion-layout-column fusion_builder_column fusion-builder-column-2 fusion_builder_column_4_5 4_5 fusion-flex-column\" style=\"--awb-bg-size:cover;--awb-width-large:80%;--awb-margin-top-large:0px;--awb-spacing-right-large:0px;--awb-margin-bottom-large:20px;--awb-spacing-left-large:0px;--awb-width-medium:100%;--awb-order-medium:0;--awb-spacing-right-medium:0px;--awb-spacing-left-medium:0px;--awb-width-small:100%;--awb-order-small:0;--awb-spacing-right-small:0px;--awb-spacing-left-small:0px;\"><div class=\"fusion-column-wrapper fusion-column-has-shadow fusion-flex-justify-content-flex-start fusion-content-layout-column\"><div class=\"fusion-title title fusion-title-3 fusion-title-center fusion-title-text fusion-title-size-three\" style=\"--awb-text-color:#141617;--awb-margin-top:20px;--awb-margin-bottom:20px;--awb-margin-top-small:10px;--awb-margin-right-small:0px;--awb-margin-bottom-small:10px;--awb-margin-left-small:0px;--awb-font-size:48px;\"><div class=\"title-sep-container title-sep-container-left\"><div class=\"title-sep sep- sep-solid\" style=\"border-color:var(--awb-color3);\"><\/div><\/div><span class=\"awb-title-spacer\"><\/span><h3 class=\"fusion-title-heading title-heading-center awb-gradient-text fusion-responsive-typography-calculated\" style=\"font-family:&quot;Work Sans&quot;;font-style:normal;font-weight:800;margin:0;letter-spacing:-0.012em;text-transform:var(--awb-typography1-text-transform);background-color:#3528cd;background-image:linear-gradient(150deg, #3528cd 20%,#fe6996 100%);font-size:1em;--fontSize:48;line-height:1;\"><p style=\"text-align: center;\">Premi\u00e8re \u00e9tape:<br \/>\nFinalisation d&rsquo;un Prototype<\/p><\/h3><span class=\"awb-title-spacer\"><\/span><div class=\"title-sep-container title-sep-container-right\"><div class=\"title-sep sep- sep-solid\" style=\"border-color:var(--awb-color3);\"><\/div><\/div><\/div><div class=\"fusion-text fusion-text-2 awb-text-cols fusion-text-columns-3 fusion-text-no-margin\" style=\"--awb-font-size:18px;--awb-line-height:1.72em;--awb-letter-spacing:var(--awb-typography4-letter-spacing);--awb-text-transform:var(--awb-typography4-text-transform);--awb-text-color:#19052e;--awb-columns:3;--awb-column-spacing:60px;--awb-column-min-width:100px;--awb-rule-style:1px solid #e1f5e3;--awb-margin-top:20px;--awb-margin-right:20px;--awb-margin-bottom:20px;--awb-margin-left:20px;--awb-text-font-family:&quot;Cardo&quot;;--awb-text-font-style:normal;--awb-text-font-weight:400;\"><p><span class=\"Y2IQFc\" lang=\"fr\">En 2020, l\u2019association W2S Suisse a collect\u00e9 gr\u00e2ce \u00e0 des dons de personnes ou de partenaires des mat\u00e9riaux et \u00e9quipements pour d\u00e9buter la construction des prototypes au Burundi. Le mat\u00e9riel exp\u00e9di\u00e9 depuis la Suisse a \u00e9t\u00e9 r\u00e9ceptionn\u00e9, d\u00e9douan\u00e9 et stock\u00e9 par la coop\u00e9rative locale de W2S au Burundi. Un atelier temporaire a \u00e9t\u00e9 install\u00e9 pour la fabrication du premier prototype par les deux jeunes m\u00e9caniciens d\u00e9di\u00e9s \u00e0 ce projet, qui est en cours de tests routiers.<\/span><\/p>\n<\/div><div class=\"awb-gallery-wrapper awb-gallery-wrapper-2 button-span-no\" style=\"--more-btn-alignment:center;margin-bottom:20px;\" data-limit=\"10\" data-page=\"1\"><div style=\"margin:-5px;--awb-bordersize:0px;--awb-caption-title-color:var(--awb-color4);--awb-caption-text-color:var(--awb-color4);--awb-caption-margin-top:10px;\" class=\"fusion-gallery fusion-gallery-container fusion-grid-2 fusion-columns-total-2 fusion-gallery-layout-grid fusion-gallery-2\"><div style=\"padding:5px;\" class=\"fusion-grid-column fusion-gallery-column fusion-gallery-column-2 hover-type-none awb-imageframe-style awb-imageframe-style-below awb-imageframe-style-2\"><div class=\"fusion-gallery-image\"><a href=\"https:\/\/cci-rumonge.com\/wp-content\/uploads\/2025\/02\/DSC0246-scaled.jpg\" rel=\"noreferrer\" data-rel=\"iLightbox[gallery_image_2]\" class=\"fusion-lightbox\" target=\"_self\"><img decoding=\"async\" src=\"https:\/\/cci-rumonge.com\/wp-content\/uploads\/2025\/02\/DSC0246-460x295.jpg\" width=\"460\" height=\"295\" alt=\"\" title=\"\" aria-label=\"\" class=\"img-responsive wp-image-2006 fusion-gallery-image-size-fixed\"  \/><\/a><\/div><div class=\"awb-imageframe-caption-container\" style=\"text-align:center;\"><div class=\"awb-imageframe-caption\"><h2 class=\"awb-imageframe-caption-title\">PREMIER PROTOTYPE<\/h2><p class=\"awb-imageframe-caption-text\">Aux couleurs de LASTAR<\/p><\/div><\/div><\/div><div style=\"padding:5px;\" class=\"fusion-grid-column fusion-gallery-column fusion-gallery-column-2 hover-type-none awb-imageframe-style awb-imageframe-style-below awb-imageframe-style-2\"><div class=\"fusion-gallery-image\"><a href=\"https:\/\/cci-rumonge.com\/wp-content\/uploads\/2025\/02\/DSC01871-1-scaled-e1738861154756.jpg\" rel=\"noreferrer\" data-rel=\"iLightbox[gallery_image_2]\" class=\"fusion-lightbox\" target=\"_self\"><img decoding=\"async\" src=\"https:\/\/cci-rumonge.com\/wp-content\/uploads\/2025\/02\/DSC01871-1-scaled-e1738861154756-460x295.jpg\" width=\"460\" height=\"295\" alt=\"\" title=\"_DSC0187(1)\" aria-label=\"_DSC0187(1)\" class=\"img-responsive wp-image-2007 fusion-gallery-image-size-fixed\"  \/><\/a><\/div><div class=\"awb-imageframe-caption-container\" style=\"text-align:center;\"><div class=\"awb-imageframe-caption\"><h2 class=\"awb-imageframe-caption-title\">LES PREMIERS CLIENTS<\/h2><p class=\"awb-imageframe-caption-text\">Dans les Rues de Rumonge<\/p><\/div><\/div><\/div><div class=\"clearfix\"><\/div><\/div><\/div><div class=\"fusion-title title fusion-title-4 fusion-title-text fusion-title-size-one\" style=\"--awb-margin-top-small:0px;--awb-margin-right-small:0px;--awb-margin-bottom-small:20px;--awb-margin-left-small:0px;\"><div class=\"title-sep-container title-sep-container-left fusion-no-large-visibility fusion-no-medium-visibility fusion-no-small-visibility\"><div class=\"title-sep sep- sep-solid\" style=\"border-color:var(--awb-color3);\"><\/div><\/div><span class=\"awb-title-spacer fusion-no-large-visibility fusion-no-medium-visibility fusion-no-small-visibility\"><\/span><h1 class=\"fusion-title-heading title-heading-left fusion-responsive-typography-calculated\" style=\"margin:0;--fontSize:55;line-height:var(--awb-typography1-line-height);\"><h3 style=\"text-align: center;\"><span style=\"color: #9861cf;\">LA VIDEO RESUME DE l&rsquo;HISTORIQUE<\/span><\/h3><\/h1><span class=\"awb-title-spacer\"><\/span><div class=\"title-sep-container title-sep-container-right\"><div class=\"title-sep sep- sep-solid\" style=\"border-color:var(--awb-color3);\"><\/div><\/div><\/div><div class=\"fusion-video fusion-selfhosted-video\" style=\"margin-bottom:20px;max-width:100%;\"><div class=\"video-wrapper\"><video playsinline=\"true\" width=\"100%\" style=\"object-fit: cover;\" autoplay=\"true\" loop=\"true\" preload=\"auto\" controls=\"1\"><source src=\"https:\/\/cci-rumonge.com\/wp-content\/uploads\/2025\/02\/Video-Taxel-version-longue-Francais-reduit.mp4#t=1\" type=\"video\/mp4\">Sorry, your browser doesn&#039;t support embedded videos.<\/video><\/div><\/div><div class=\"fusion-title title fusion-title-5 fusion-title-center fusion-title-text fusion-title-size-three\" style=\"--awb-text-color:#141617;--awb-margin-top:20px;--awb-margin-bottom:20px;--awb-margin-top-small:10px;--awb-margin-right-small:0px;--awb-margin-bottom-small:10px;--awb-margin-left-small:0px;--awb-font-size:48px;\"><div class=\"title-sep-container title-sep-container-left\"><div class=\"title-sep sep- sep-solid\" style=\"border-color:var(--awb-color3);\"><\/div><\/div><span class=\"awb-title-spacer\"><\/span><h3 class=\"fusion-title-heading title-heading-center awb-gradient-text fusion-responsive-typography-calculated\" style=\"font-family:&quot;Work Sans&quot;;font-style:normal;font-weight:800;margin:0;letter-spacing:-0.012em;text-transform:var(--awb-typography1-text-transform);background-color:#3528cd;background-image:linear-gradient(150deg, #3528cd 20%,#fe6996 100%);font-size:1em;--fontSize:48;line-height:1;\"><p style=\"text-align: center;\">Etape suivante:<br \/>\nCr\u00e9ation\u00a0 et d\u00e9veloppement de l&rsquo;entreprise Taxel<\/p><\/h3><span class=\"awb-title-spacer\"><\/span><div class=\"title-sep-container title-sep-container-right\"><div class=\"title-sep sep- sep-solid\" style=\"border-color:var(--awb-color3);\"><\/div><\/div><\/div><div class=\"fusion-text fusion-text-3 awb-text-cols fusion-text-columns-3 fusion-text-no-margin\" style=\"--awb-font-size:18px;--awb-line-height:1.72em;--awb-letter-spacing:var(--awb-typography4-letter-spacing);--awb-text-transform:var(--awb-typography4-text-transform);--awb-text-color:#19052e;--awb-columns:3;--awb-column-spacing:60px;--awb-column-min-width:100px;--awb-rule-style:1px solid #e1f5e3;--awb-margin-top:20px;--awb-margin-right:20px;--awb-margin-bottom:20px;--awb-margin-left:20px;--awb-text-font-family:&quot;Cardo&quot;;--awb-text-font-style:normal;--awb-text-font-weight:400;\"><p><span class=\"Y2IQFc\" lang=\"fr\">Apr\u00e8s la validation du Prototype et du \u00ab\u00a0business modell\u00a0\u00bb; il est pr\u00e9vu de construire localement une flotte d&rsquo;un dizaine de machines (base 3-4\/ann\u00e9e) pour assurer les transports locaux autour de Rumonge. L&rsquo;entreprise coop\u00e9rative TAXEL assurera l&rsquo;exploitation des V\u00e9los-Taxis et emploiera une dizaine de chauffeurs qui subiront un entrainement sp\u00e9cifique . La recharge des batteries Li-Ion se fera g\u00e2ce \u00e0 des panneaux solaires install\u00e9s au Centre Communautaire ITEBA.<br \/>\n<\/span><span class=\"Y2IQFc\" lang=\"fr\">Le d\u00e9veloppement , montage, r\u00e9paration sera assur\u00e9e par l&rsquo;atelier qui \u00e0 terme , lorsque sa construction sera achev\u00e9e pourrait employer une dizaine de personnes.<br \/>\n<\/span><\/p>\n<\/div><\/div><\/div><div class=\"fusion-layout-column fusion_builder_column fusion-builder-column-3 fusion_builder_column_1_5 1_5 fusion-flex-column\" style=\"--awb-bg-size:cover;--awb-width-large:20%;--awb-margin-top-large:0px;--awb-spacing-right-large:0px;--awb-margin-bottom-large:20px;--awb-spacing-left-large:0px;--awb-width-medium:100%;--awb-order-medium:0;--awb-spacing-right-medium:0px;--awb-spacing-left-medium:0px;--awb-width-small:100%;--awb-order-small:0;--awb-spacing-right-small:0px;--awb-spacing-left-small:0px;\"><div class=\"fusion-column-wrapper fusion-column-has-shadow fusion-flex-justify-content-flex-start fusion-content-layout-column\"><\/div><\/div><\/div><\/div>\n","protected":false},"excerpt":{"rendered":"","protected":false},"author":2,"featured_media":1258,"parent":0,"menu_order":0,"comment_status":"closed","ping_status":"closed","template":"100-width.php","meta":{"footnotes":""},"class_list":["post-1925","page","type-page","status-publish","has-post-thumbnail","hentry"],"_links":{"self":[{"href":"https:\/\/cci-rumonge.com\/index.php?rest_route=\/wp\/v2\/pages\/1925","targetHints":{"allow":["GET"]}}],"collection":[{"href":"https:\/\/cci-rumonge.com\/index.php?rest_route=\/wp\/v2\/pages"}],"about":[{"href":"https:\/\/cci-rumonge.com\/index.php?rest_route=\/wp\/v2\/types\/page"}],"author":[{"embeddable":true,"href":"https:\/\/cci-rumonge.com\/index.php?rest_route=\/wp\/v2\/users\/2"}],"replies":[{"embeddable":true,"href":"https:\/\/cci-rumonge.com\/index.php?rest_route=%2Fwp%2Fv2%2Fcomments&post=1925"}],"version-history":[{"count":24,"href":"https:\/\/cci-rumonge.com\/index.php?rest_route=\/wp\/v2\/pages\/1925\/revisions"}],"predecessor-version":[{"id":2019,"href":"https:\/\/cci-rumonge.com\/index.php?rest_route=\/wp\/v2\/pages\/1925\/revisions\/2019"}],"wp:featuredmedia":[{"embeddable":true,"href":"https:\/\/cci-rumonge.com\/index.php?rest_route=\/wp\/v2\/media\/1258"}],"wp:attachment":[{"href":"https:\/\/cci-rumonge.com\/index.php?rest_route=%2Fwp%2Fv2%2Fmedia&parent=1925"}],"curies":[{"name":"wp","href":"https:\/\/api.w.org\/{rel}","templated":true}]}}